{"id":38,"date":"2012-07-19T13:02:35","date_gmt":"2012-07-19T12:02:35","guid":{"rendered":"http:\/\/freisanitaer.ch\/site\/?page_id=38"},"modified":"2013-03-04T21:14:57","modified_gmt":"2013-03-04T20:14:57","slug":"reparaturservice","status":"publish","type":"page","link":"http:\/\/www.freisanitaer.ch\/site\/reparaturservice\/","title":{"rendered":"Reparaturservice"},"content":{"rendered":"<p>Sei es ein neuer Mischer, <a title=\"Boilerentkalkung\" href=\"http:\/\/www.freisanitaer.ch\/site\/kontakt\/boilerentkalkung\/\">Boilerentkalkung<\/a> oder sonst eine <a title=\"Reparaturauftrag\" href=\"http:\/\/www.freisanitaer.ch\/site\/kontakt\/reparaturauftrag\/\">Sanit\u00e4rreparatur <\/a>\u2013 unser <a title=\"Team\" href=\"http:\/\/www.freisanitaer.ch\/site\/kontakt-team\/\">Serviceteam <\/a>erledigt f\u00fcr Sie s\u00e4mtliche anfallenden Sanit\u00e4rreparaturen im Haushalt oder Industrie schnell und fachgerecht.<\/p>\n<table border=\"0\">\n<tbody>\n<tr>\n<td><img loading=\"lazy\" decoding=\"async\" class=\"alignnone size-full wp-image-39\" title=\"Reperaturservice\" alt=\"\" src=\"http:\/\/www.freisanitaer.ch\/site\/wp-content\/uploads\/2013\/03\/Reparaturservice1.jpg\" width=\"400\" height=\"300\" \/><\/td>\n<td style=\"width: 20px;\" align=\"left\" valign=\"bottom\"><\/td>\n<td style=\"width: 400px;\" align=\"left\" valign=\"bottom\">Bei dringenden Notf\u00e4llen ausserhalb der normalen Arbeitszeit steht ihnen folgende Nummer zur Verf\u00fcgung:<\/p>\n<p class=\"none\"><strong>24h Notfallservice, Tel. 032 384 24 94\u00a0<\/strong><\/p>\n<\/td>\n<\/tr>\n<\/tbody>\n<\/table>\n","protected":false},"excerpt":{"rendered":"<p>Sei es ein neuer Mischer, Boilerentkalkung oder sonst eine Sanit\u00e4rreparatur \u2013 unser Serviceteam erledigt f\u00fcr Sie s\u00e4mtliche anfallenden Sanit\u00e4rreparaturen im Haushalt oder Industrie schnell und fachgerecht. Bei dringenden Notf\u00e4llen ausserhalb der normalen Arbeitszeit steht ihnen folgende Nummer zur Verf\u00fcgung: 24h Notfallservice, Tel. 032 384 24 94\u00a0<\/p>\n","protected":false},"author":1,"featured_media":0,"parent":0,"menu_order":5,"comment_status":"closed","ping_status":"closed","template":"","meta":{"generate_page_header":"","footnotes":""},"class_list":["post-38","page","type-page","status-publish"],"yoast_head":"<!-- This site is optimized with the Yoast SEO plugin v27.6 - https:\/\/yoast.com\/product\/yoast-seo-wordpress\/ -->\n<title>Reparaturservice - Frei Sanit\u00e4r Lyss AG<\/title>\n<meta name=\"robots\" content=\"index, follow, max-snippet:-1, max-image-preview:large, max-video-preview:-1\" \/>\n<link rel=\"canonical\" href=\"http:\/\/www.freisanitaer.ch\/site\/reparaturservice\/\" \/>\n<script type=\"application\/ld+json\" class=\"yoast-schema-graph\">{\"@context\":\"https:\\\/\\\/schema.org\",\"@graph\":[{\"@type\":\"WebPage\",\"@id\":\"http:\\\/\\\/www.freisanitaer.ch\\\/site\\\/reparaturservice\\\/\",\"url\":\"http:\\\/\\\/www.freisanitaer.ch\\\/site\\\/reparaturservice\\\/\",\"name\":\"Reparaturservice - Frei Sanit\u00e4r Lyss AG\",\"isPartOf\":{\"@id\":\"http:\\\/\\\/www.freisanitaer.ch\\\/site\\\/#website\"},\"primaryImageOfPage\":{\"@id\":\"http:\\\/\\\/www.freisanitaer.ch\\\/site\\\/reparaturservice\\\/#primaryimage\"},\"image\":{\"@id\":\"http:\\\/\\\/www.freisanitaer.ch\\\/site\\\/reparaturservice\\\/#primaryimage\"},\"thumbnailUrl\":\"http:\\\/\\\/www.freisanitaer.ch\\\/site\\\/wp-content\\\/uploads\\\/2013\\\/03\\\/Reparaturservice1.jpg\",\"datePublished\":\"2012-07-19T12:02:35+00:00\",\"dateModified\":\"2013-03-04T20:14:57+00:00\",\"breadcrumb\":{\"@id\":\"http:\\\/\\\/www.freisanitaer.ch\\\/site\\\/reparaturservice\\\/#breadcrumb\"},\"inLanguage\":\"de\",\"potentialAction\":[{\"@type\":\"ReadAction\",\"target\":[\"http:\\\/\\\/www.freisanitaer.ch\\\/site\\\/reparaturservice\\\/\"]}]},{\"@type\":\"ImageObject\",\"inLanguage\":\"de\",\"@id\":\"http:\\\/\\\/www.freisanitaer.ch\\\/site\\\/reparaturservice\\\/#primaryimage\",\"url\":\"http:\\\/\\\/www.freisanitaer.ch\\\/site\\\/wp-content\\\/uploads\\\/2013\\\/03\\\/Reparaturservice1.jpg\",\"contentUrl\":\"http:\\\/\\\/www.freisanitaer.ch\\\/site\\\/wp-content\\\/uploads\\\/2013\\\/03\\\/Reparaturservice1.jpg\",\"width\":400,\"height\":300},{\"@type\":\"BreadcrumbList\",\"@id\":\"http:\\\/\\\/www.freisanitaer.ch\\\/site\\\/reparaturservice\\\/#breadcrumb\",\"itemListElement\":[{\"@type\":\"ListItem\",\"position\":1,\"name\":\"Startseite\",\"item\":\"http:\\\/\\\/www.freisanitaer.ch\\\/site\\\/\"},{\"@type\":\"ListItem\",\"position\":2,\"name\":\"Reparaturservice\"}]},{\"@type\":\"WebSite\",\"@id\":\"http:\\\/\\\/www.freisanitaer.ch\\\/site\\\/#website\",\"url\":\"http:\\\/\\\/www.freisanitaer.ch\\\/site\\\/\",\"name\":\"Frei Sanit\u00e4r Lyss AG\",\"description\":\"Ulrich Roniger\",\"publisher\":{\"@id\":\"http:\\\/\\\/www.freisanitaer.ch\\\/site\\\/#organization\"},\"potentialAction\":[{\"@type\":\"SearchAction\",\"target\":{\"@type\":\"EntryPoint\",\"urlTemplate\":\"http:\\\/\\\/www.freisanitaer.ch\\\/site\\\/?s={search_term_string}\"},\"query-input\":{\"@type\":\"PropertyValueSpecification\",\"valueRequired\":true,\"valueName\":\"search_term_string\"}}],\"inLanguage\":\"de\"},{\"@type\":\"Organization\",\"@id\":\"http:\\\/\\\/www.freisanitaer.ch\\\/site\\\/#organization\",\"name\":\"Frei Sanit\u00e4r Lyss AG\",\"url\":\"http:\\\/\\\/www.freisanitaer.ch\\\/site\\\/\",\"logo\":{\"@type\":\"ImageObject\",\"inLanguage\":\"de\",\"@id\":\"http:\\\/\\\/www.freisanitaer.ch\\\/site\\\/#\\\/schema\\\/logo\\\/image\\\/\",\"url\":\"http:\\\/\\\/www.freisanitaer.ch\\\/site\\\/wp-content\\\/uploads\\\/2016\\\/12\\\/logo-startseite.gif\",\"contentUrl\":\"http:\\\/\\\/www.freisanitaer.ch\\\/site\\\/wp-content\\\/uploads\\\/2016\\\/12\\\/logo-startseite.gif\",\"width\":800,\"height\":369,\"caption\":\"Frei Sanit\u00e4r Lyss AG\"},\"image\":{\"@id\":\"http:\\\/\\\/www.freisanitaer.ch\\\/site\\\/#\\\/schema\\\/logo\\\/image\\\/\"},\"sameAs\":[\"https:\\\/\\\/www.facebook.com\\\/Frei-Sanit\u00e4r-Lyss-AG-348306967253\"]}]}<\/script>\n<!-- \/ Yoast SEO plugin. -->","yoast_head_json":{"title":"Reparaturservice - Frei Sanit\u00e4r Lyss AG","robots":{"index":"index","follow":"follow","max-snippet":"max-snippet:-1","max-image-preview":"max-image-preview:large","max-video-preview":"max-video-preview:-1"},"canonical":"http:\/\/www.freisanitaer.ch\/site\/reparaturservice\/","schema":{"@context":"https:\/\/schema.org","@graph":[{"@type":"WebPage","@id":"http:\/\/www.freisanitaer.ch\/site\/reparaturservice\/","url":"http:\/\/www.freisanitaer.ch\/site\/reparaturservice\/","name":"Reparaturservice - Frei Sanit\u00e4r Lyss AG","isPartOf":{"@id":"http:\/\/www.freisanitaer.ch\/site\/#website"},"primaryImageOfPage":{"@id":"http:\/\/www.freisanitaer.ch\/site\/reparaturservice\/#primaryimage"},"image":{"@id":"http:\/\/www.freisanitaer.ch\/site\/reparaturservice\/#primaryimage"},"thumbnailUrl":"http:\/\/www.freisanitaer.ch\/site\/wp-content\/uploads\/2013\/03\/Reparaturservice1.jpg","datePublished":"2012-07-19T12:02:35+00:00","dateModified":"2013-03-04T20:14:57+00:00","breadcrumb":{"@id":"http:\/\/www.freisanitaer.ch\/site\/reparaturservice\/#breadcrumb"},"inLanguage":"de","potentialAction":[{"@type":"ReadAction","target":["http:\/\/www.freisanitaer.ch\/site\/reparaturservice\/"]}]},{"@type":"ImageObject","inLanguage":"de","@id":"http:\/\/www.freisanitaer.ch\/site\/reparaturservice\/#primaryimage","url":"http:\/\/www.freisanitaer.ch\/site\/wp-content\/uploads\/2013\/03\/Reparaturservice1.jpg","contentUrl":"http:\/\/www.freisanitaer.ch\/site\/wp-content\/uploads\/2013\/03\/Reparaturservice1.jpg","width":400,"height":300},{"@type":"BreadcrumbList","@id":"http:\/\/www.freisanitaer.ch\/site\/reparaturservice\/#breadcrumb","itemListElement":[{"@type":"ListItem","position":1,"name":"Startseite","item":"http:\/\/www.freisanitaer.ch\/site\/"},{"@type":"ListItem","position":2,"name":"Reparaturservice"}]},{"@type":"WebSite","@id":"http:\/\/www.freisanitaer.ch\/site\/#website","url":"http:\/\/www.freisanitaer.ch\/site\/","name":"Frei Sanit\u00e4r Lyss AG","description":"Ulrich Roniger","publisher":{"@id":"http:\/\/www.freisanitaer.ch\/site\/#organization"},"potentialAction":[{"@type":"SearchAction","target":{"@type":"EntryPoint","urlTemplate":"http:\/\/www.freisanitaer.ch\/site\/?s={search_term_string}"},"query-input":{"@type":"PropertyValueSpecification","valueRequired":true,"valueName":"search_term_string"}}],"inLanguage":"de"},{"@type":"Organization","@id":"http:\/\/www.freisanitaer.ch\/site\/#organization","name":"Frei Sanit\u00e4r Lyss AG","url":"http:\/\/www.freisanitaer.ch\/site\/","logo":{"@type":"ImageObject","inLanguage":"de","@id":"http:\/\/www.freisanitaer.ch\/site\/#\/schema\/logo\/image\/","url":"http:\/\/www.freisanitaer.ch\/site\/wp-content\/uploads\/2016\/12\/logo-startseite.gif","contentUrl":"http:\/\/www.freisanitaer.ch\/site\/wp-content\/uploads\/2016\/12\/logo-startseite.gif","width":800,"height":369,"caption":"Frei Sanit\u00e4r Lyss AG"},"image":{"@id":"http:\/\/www.freisanitaer.ch\/site\/#\/schema\/logo\/image\/"},"sameAs":["https:\/\/www.facebook.com\/Frei-Sanit\u00e4r-Lyss-AG-348306967253"]}]}},"_links":{"self":[{"href":"http:\/\/www.freisanitaer.ch\/site\/wp-json\/wp\/v2\/pages\/38","targetHints":{"allow":["GET"]}}],"collection":[{"href":"http:\/\/www.freisanitaer.ch\/site\/wp-json\/wp\/v2\/pages"}],"about":[{"href":"http:\/\/www.freisanitaer.ch\/site\/wp-json\/wp\/v2\/types\/page"}],"author":[{"embeddable":true,"href":"http:\/\/www.freisanitaer.ch\/site\/wp-json\/wp\/v2\/users\/1"}],"replies":[{"embeddable":true,"href":"http:\/\/www.freisanitaer.ch\/site\/wp-json\/wp\/v2\/comments?post=38"}],"version-history":[{"count":14,"href":"http:\/\/www.freisanitaer.ch\/site\/wp-json\/wp\/v2\/pages\/38\/revisions"}],"predecessor-version":[{"id":53,"href":"http:\/\/www.freisanitaer.ch\/site\/wp-json\/wp\/v2\/pages\/38\/revisions\/53"}],"wp:attachment":[{"href":"http:\/\/www.freisanitaer.ch\/site\/wp-json\/wp\/v2\/media?parent=38"}],"curies":[{"name":"wp","href":"https:\/\/api.w.org\/{rel}","templated":true}]}}