{"id":216,"date":"2012-08-14T11:45:23","date_gmt":"2012-08-14T10:45:23","guid":{"rendered":"http:\/\/freisanitaer.ch\/site\/?page_id=216"},"modified":"2014-11-03T08:26:49","modified_gmt":"2014-11-03T07:26:49","slug":"impressum","status":"publish","type":"page","link":"https:\/\/www.freisanitaer.ch\/site\/frei-sanitar\/impressum\/","title":{"rendered":"Impressum"},"content":{"rendered":"<p><strong>Frei Sanit\u00e4r Lyss AG<\/strong><br \/>\nUlrich Roniger<br \/>\nWerkstrasse 73<br \/>\n3250 Lyss<br \/>\nTel. 032 384 70 31<br \/>\nFax 032 384 70 65<br \/>\ninfo@freisanitaer.ch<\/p>\n<p><strong>Rechtliche Hinweise<\/strong><br \/>\nTrotz sorgf\u00e4ltiger inhaltlicher Kontrolle \u00fcbernehmen wir keine Haftung f\u00fcr die Inhalte externer Links. F\u00fcr den Inhalt und die Aktualit\u00e4t der verlinkten Seiten sind ausschliesslich deren Betreiber verantwortlich.<\/p>\n<p><strong>Urheberrechte<\/strong><br \/>\nDer Inhalt dieser Site ist urheberrechtlich gesch\u00fctzt. Eine kommerzielle Nutzung der redaktionellen Inhalte, Fotos, Sitestrukturen und sonstigen Daten ist nicht oder nur durch ausdr\u00fcckliche Zustimmung von Frei Sanit\u00e4r Lyss AG\u00a0gestattet.<\/p>\n<p><strong>Datenschutz<\/strong><br \/>\nAlle pers\u00f6nlichen Daten werden vertraulich behandelt und nicht an Dritte weitergegeben.<\/p>\n","protected":false},"excerpt":{"rendered":"<p>Frei Sanit\u00e4r Lyss AG Ulrich Roniger Werkstrasse 73 3250 Lyss Tel. 032 384 70 31 Fax 032 384 70 65 info@freisanitaer.ch Rechtliche Hinweise Trotz sorgf\u00e4ltiger inhaltlicher Kontrolle \u00fcbernehmen wir keine Haftung f\u00fcr die Inhalte externer Links. F\u00fcr den Inhalt und die Aktualit\u00e4t der verlinkten Seiten sind ausschliesslich deren Betreiber verantwortlich. Urheberrechte Der Inhalt dieser Site &#8230; <a title=\"Impressum\" class=\"read-more\" href=\"https:\/\/www.freisanitaer.ch\/site\/frei-sanitar\/impressum\/\">Weiterlesen &#8230;<\/a><\/p>\n","protected":false},"author":1,"featured_media":0,"parent":8,"menu_order":12,"comment_status":"closed","ping_status":"closed","template":"","meta":{"generate_page_header":"","footnotes":""},"class_list":["post-216","page","type-page","status-publish"],"yoast_head":"<!-- This site is optimized with the Yoast SEO plugin v27.4 - https:\/\/yoast.com\/product\/yoast-seo-wordpress\/ -->\n<title>Impressum - Frei Sanit\u00e4r Lyss AG<\/title>\n<meta name=\"robots\" content=\"index, follow, max-snippet:-1, max-image-preview:large, max-video-preview:-1\" \/>\n<link rel=\"canonical\" href=\"http:\/\/www.freisanitaer.ch\/site\/frei-sanitar\/impressum\/\" \/>\n<script type=\"application\/ld+json\" class=\"yoast-schema-graph\">{\"@context\":\"https:\\\/\\\/schema.org\",\"@graph\":[{\"@type\":\"WebPage\",\"@id\":\"http:\\\/\\\/www.freisanitaer.ch\\\/site\\\/frei-sanitar\\\/impressum\\\/\",\"url\":\"http:\\\/\\\/www.freisanitaer.ch\\\/site\\\/frei-sanitar\\\/impressum\\\/\",\"name\":\"Impressum - Frei Sanit\u00e4r Lyss AG\",\"isPartOf\":{\"@id\":\"http:\\\/\\\/www.freisanitaer.ch\\\/site\\\/#website\"},\"datePublished\":\"2012-08-14T10:45:23+00:00\",\"dateModified\":\"2014-11-03T07:26:49+00:00\",\"breadcrumb\":{\"@id\":\"http:\\\/\\\/www.freisanitaer.ch\\\/site\\\/frei-sanitar\\\/impressum\\\/#breadcrumb\"},\"inLanguage\":\"de\",\"potentialAction\":[{\"@type\":\"ReadAction\",\"target\":[\"http:\\\/\\\/www.freisanitaer.ch\\\/site\\\/frei-sanitar\\\/impressum\\\/\"]}]},{\"@type\":\"BreadcrumbList\",\"@id\":\"http:\\\/\\\/www.freisanitaer.ch\\\/site\\\/frei-sanitar\\\/impressum\\\/#breadcrumb\",\"itemListElement\":[{\"@type\":\"ListItem\",\"position\":1,\"name\":\"Startseite\",\"item\":\"http:\\\/\\\/www.freisanitaer.ch\\\/site\\\/\"},{\"@type\":\"ListItem\",\"position\":2,\"name\":\"Frei Sanit\u00e4r\",\"item\":\"http:\\\/\\\/www.freisanitaer.ch\\\/site\\\/\"},{\"@type\":\"ListItem\",\"position\":3,\"name\":\"Impressum\"}]},{\"@type\":\"WebSite\",\"@id\":\"http:\\\/\\\/www.freisanitaer.ch\\\/site\\\/#website\",\"url\":\"http:\\\/\\\/www.freisanitaer.ch\\\/site\\\/\",\"name\":\"Frei Sanit\u00e4r Lyss AG\",\"description\":\"Ulrich Roniger\",\"publisher\":{\"@id\":\"http:\\\/\\\/www.freisanitaer.ch\\\/site\\\/#organization\"},\"potentialAction\":[{\"@type\":\"SearchAction\",\"target\":{\"@type\":\"EntryPoint\",\"urlTemplate\":\"http:\\\/\\\/www.freisanitaer.ch\\\/site\\\/?s={search_term_string}\"},\"query-input\":{\"@type\":\"PropertyValueSpecification\",\"valueRequired\":true,\"valueName\":\"search_term_string\"}}],\"inLanguage\":\"de\"},{\"@type\":\"Organization\",\"@id\":\"http:\\\/\\\/www.freisanitaer.ch\\\/site\\\/#organization\",\"name\":\"Frei Sanit\u00e4r Lyss AG\",\"url\":\"http:\\\/\\\/www.freisanitaer.ch\\\/site\\\/\",\"logo\":{\"@type\":\"ImageObject\",\"inLanguage\":\"de\",\"@id\":\"http:\\\/\\\/www.freisanitaer.ch\\\/site\\\/#\\\/schema\\\/logo\\\/image\\\/\",\"url\":\"http:\\\/\\\/www.freisanitaer.ch\\\/site\\\/wp-content\\\/uploads\\\/2016\\\/12\\\/logo-startseite.gif\",\"contentUrl\":\"http:\\\/\\\/www.freisanitaer.ch\\\/site\\\/wp-content\\\/uploads\\\/2016\\\/12\\\/logo-startseite.gif\",\"width\":800,\"height\":369,\"caption\":\"Frei Sanit\u00e4r Lyss AG\"},\"image\":{\"@id\":\"http:\\\/\\\/www.freisanitaer.ch\\\/site\\\/#\\\/schema\\\/logo\\\/image\\\/\"},\"sameAs\":[\"https:\\\/\\\/www.facebook.com\\\/Frei-Sanit\u00e4r-Lyss-AG-348306967253\"]}]}<\/script>\n<!-- \/ Yoast SEO plugin. -->","yoast_head_json":{"title":"Impressum - Frei Sanit\u00e4r Lyss AG","robots":{"index":"index","follow":"follow","max-snippet":"max-snippet:-1","max-image-preview":"max-image-preview:large","max-video-preview":"max-video-preview:-1"},"canonical":"http:\/\/www.freisanitaer.ch\/site\/frei-sanitar\/impressum\/","schema":{"@context":"https:\/\/schema.org","@graph":[{"@type":"WebPage","@id":"http:\/\/www.freisanitaer.ch\/site\/frei-sanitar\/impressum\/","url":"http:\/\/www.freisanitaer.ch\/site\/frei-sanitar\/impressum\/","name":"Impressum - Frei Sanit\u00e4r Lyss AG","isPartOf":{"@id":"http:\/\/www.freisanitaer.ch\/site\/#website"},"datePublished":"2012-08-14T10:45:23+00:00","dateModified":"2014-11-03T07:26:49+00:00","breadcrumb":{"@id":"http:\/\/www.freisanitaer.ch\/site\/frei-sanitar\/impressum\/#breadcrumb"},"inLanguage":"de","potentialAction":[{"@type":"ReadAction","target":["http:\/\/www.freisanitaer.ch\/site\/frei-sanitar\/impressum\/"]}]},{"@type":"BreadcrumbList","@id":"http:\/\/www.freisanitaer.ch\/site\/frei-sanitar\/impressum\/#breadcrumb","itemListElement":[{"@type":"ListItem","position":1,"name":"Startseite","item":"http:\/\/www.freisanitaer.ch\/site\/"},{"@type":"ListItem","position":2,"name":"Frei Sanit\u00e4r","item":"http:\/\/www.freisanitaer.ch\/site\/"},{"@type":"ListItem","position":3,"name":"Impressum"}]},{"@type":"WebSite","@id":"http:\/\/www.freisanitaer.ch\/site\/#website","url":"http:\/\/www.freisanitaer.ch\/site\/","name":"Frei Sanit\u00e4r Lyss AG","description":"Ulrich Roniger","publisher":{"@id":"http:\/\/www.freisanitaer.ch\/site\/#organization"},"potentialAction":[{"@type":"SearchAction","target":{"@type":"EntryPoint","urlTemplate":"http:\/\/www.freisanitaer.ch\/site\/?s={search_term_string}"},"query-input":{"@type":"PropertyValueSpecification","valueRequired":true,"valueName":"search_term_string"}}],"inLanguage":"de"},{"@type":"Organization","@id":"http:\/\/www.freisanitaer.ch\/site\/#organization","name":"Frei Sanit\u00e4r Lyss AG","url":"http:\/\/www.freisanitaer.ch\/site\/","logo":{"@type":"ImageObject","inLanguage":"de","@id":"http:\/\/www.freisanitaer.ch\/site\/#\/schema\/logo\/image\/","url":"http:\/\/www.freisanitaer.ch\/site\/wp-content\/uploads\/2016\/12\/logo-startseite.gif","contentUrl":"http:\/\/www.freisanitaer.ch\/site\/wp-content\/uploads\/2016\/12\/logo-startseite.gif","width":800,"height":369,"caption":"Frei Sanit\u00e4r Lyss AG"},"image":{"@id":"http:\/\/www.freisanitaer.ch\/site\/#\/schema\/logo\/image\/"},"sameAs":["https:\/\/www.facebook.com\/Frei-Sanit\u00e4r-Lyss-AG-348306967253"]}]}},"_links":{"self":[{"href":"https:\/\/www.freisanitaer.ch\/site\/wp-json\/wp\/v2\/pages\/216","targetHints":{"allow":["GET"]}}],"collection":[{"href":"https:\/\/www.freisanitaer.ch\/site\/wp-json\/wp\/v2\/pages"}],"about":[{"href":"https:\/\/www.freisanitaer.ch\/site\/wp-json\/wp\/v2\/types\/page"}],"author":[{"embeddable":true,"href":"https:\/\/www.freisanitaer.ch\/site\/wp-json\/wp\/v2\/users\/1"}],"replies":[{"embeddable":true,"href":"https:\/\/www.freisanitaer.ch\/site\/wp-json\/wp\/v2\/comments?post=216"}],"version-history":[{"count":3,"href":"https:\/\/www.freisanitaer.ch\/site\/wp-json\/wp\/v2\/pages\/216\/revisions"}],"predecessor-version":[{"id":530,"href":"https:\/\/www.freisanitaer.ch\/site\/wp-json\/wp\/v2\/pages\/216\/revisions\/530"}],"up":[{"embeddable":true,"href":"https:\/\/www.freisanitaer.ch\/site\/wp-json\/wp\/v2\/pages\/8"}],"wp:attachment":[{"href":"https:\/\/www.freisanitaer.ch\/site\/wp-json\/wp\/v2\/media?parent=216"}],"curies":[{"name":"wp","href":"https:\/\/api.w.org\/{rel}","templated":true}]}}