{"id":32,"date":"2012-07-19T12:59:32","date_gmt":"2012-07-19T11:59:32","guid":{"rendered":"http:\/\/freisanitaer.ch\/site\/?page_id=32"},"modified":"2021-08-03T15:14:07","modified_gmt":"2021-08-03T14:14:07","slug":"sanitaere-anlagen","status":"publish","type":"page","link":"https:\/\/www.freisanitaer.ch\/site\/sanitaere-anlagen\/","title":{"rendered":"Sanit\u00e4re Anlagen"},"content":{"rendered":"<p>Wir sind in der Lage mit unserem Technischen B\u00fcro und den Montageteams alle anfallenden Sanit\u00e4rarbeiten wie Planung und Ausf\u00fchrung der Sanit\u00e4rinstallationen, sei es ein Einfamilienhaus, Mehrfamilienhaus oder ganze \u00dcberbauungen, fachgerecht und zu konkurrenzf\u00e4higen Preisen auszuf\u00fchren.<\/p>\n<table border=\"0\" cellspacing=\"0\" cellpadding=\"3\">\n<tbody>\n<tr>\n<td><img loading=\"lazy\" decoding=\"async\" class=\"aligncenter wp-image-396\" src=\"http:\/\/www.freisanitaer.ch\/site\/wp-content\/uploads\/2013\/03\/Sanitaere_Anlagen1.jpg\" alt=\"Sanitaerplanung1\" width=\"500\" height=\"338\" \/><\/td>\n<td style=\"width: 50px;\"><\/td>\n<td><img loading=\"lazy\" decoding=\"async\" class=\"aligncenter wp-image-402\" src=\"http:\/\/www.freisanitaer.ch\/site\/wp-content\/uploads\/2013\/03\/Sanitaere_Anlagen2.jpg\" alt=\"Sanitaerplanung2\" width=\"500\" height=\"338\" \/><\/td>\n<\/tr>\n<\/tbody>\n<\/table>\n","protected":false},"excerpt":{"rendered":"<p>Wir sind in der Lage mit unserem Technischen B\u00fcro und den Montageteams alle anfallenden Sanit\u00e4rarbeiten wie Planung und Ausf\u00fchrung der Sanit\u00e4rinstallationen, sei es ein Einfamilienhaus, Mehrfamilienhaus oder ganze \u00dcberbauungen, fachgerecht und zu konkurrenzf\u00e4higen Preisen auszuf\u00fchren.<\/p>\n","protected":false},"author":1,"featured_media":0,"parent":0,"menu_order":3,"comment_status":"closed","ping_status":"closed","template":"","meta":{"generate_page_header":"","footnotes":""},"class_list":["post-32","page","type-page","status-publish"],"yoast_head":"<!-- This site is optimized with the Yoast SEO plugin v27.4 - https:\/\/yoast.com\/product\/yoast-seo-wordpress\/ -->\n<title>Sanit\u00e4re Anlagen - Frei Sanit\u00e4r Lyss AG<\/title>\n<meta name=\"robots\" content=\"index, follow, max-snippet:-1, max-image-preview:large, max-video-preview:-1\" \/>\n<link rel=\"canonical\" href=\"http:\/\/www.freisanitaer.ch\/site\/sanitaere-anlagen\/\" \/>\n<meta name=\"twitter:label1\" content=\"Gesch\u00e4tzte Lesezeit\" \/>\n\t<meta name=\"twitter:data1\" content=\"1\u00a0Minute\" \/>\n<script type=\"application\/ld+json\" class=\"yoast-schema-graph\">{\"@context\":\"https:\\\/\\\/schema.org\",\"@graph\":[{\"@type\":\"WebPage\",\"@id\":\"http:\\\/\\\/www.freisanitaer.ch\\\/site\\\/sanitaere-anlagen\\\/\",\"url\":\"http:\\\/\\\/www.freisanitaer.ch\\\/site\\\/sanitaere-anlagen\\\/\",\"name\":\"Sanit\u00e4re Anlagen - Frei Sanit\u00e4r Lyss AG\",\"isPartOf\":{\"@id\":\"https:\\\/\\\/www.freisanitaer.ch\\\/site\\\/#website\"},\"primaryImageOfPage\":{\"@id\":\"http:\\\/\\\/www.freisanitaer.ch\\\/site\\\/sanitaere-anlagen\\\/#primaryimage\"},\"image\":{\"@id\":\"http:\\\/\\\/www.freisanitaer.ch\\\/site\\\/sanitaere-anlagen\\\/#primaryimage\"},\"thumbnailUrl\":\"http:\\\/\\\/www.freisanitaer.ch\\\/site\\\/wp-content\\\/uploads\\\/2013\\\/03\\\/Sanitaere_Anlagen1.jpg\",\"datePublished\":\"2012-07-19T11:59:32+00:00\",\"dateModified\":\"2021-08-03T14:14:07+00:00\",\"breadcrumb\":{\"@id\":\"http:\\\/\\\/www.freisanitaer.ch\\\/site\\\/sanitaere-anlagen\\\/#breadcrumb\"},\"inLanguage\":\"de\",\"potentialAction\":[{\"@type\":\"ReadAction\",\"target\":[\"http:\\\/\\\/www.freisanitaer.ch\\\/site\\\/sanitaere-anlagen\\\/\"]}]},{\"@type\":\"ImageObject\",\"inLanguage\":\"de\",\"@id\":\"http:\\\/\\\/www.freisanitaer.ch\\\/site\\\/sanitaere-anlagen\\\/#primaryimage\",\"url\":\"https:\\\/\\\/www.freisanitaer.ch\\\/site\\\/wp-content\\\/uploads\\\/2013\\\/03\\\/Sanitaere_Anlagen1.jpg\",\"contentUrl\":\"https:\\\/\\\/www.freisanitaer.ch\\\/site\\\/wp-content\\\/uploads\\\/2013\\\/03\\\/Sanitaere_Anlagen1.jpg\",\"width\":400,\"height\":300},{\"@type\":\"BreadcrumbList\",\"@id\":\"http:\\\/\\\/www.freisanitaer.ch\\\/site\\\/sanitaere-anlagen\\\/#breadcrumb\",\"itemListElement\":[{\"@type\":\"ListItem\",\"position\":1,\"name\":\"Startseite\",\"item\":\"https:\\\/\\\/www.freisanitaer.ch\\\/site\\\/\"},{\"@type\":\"ListItem\",\"position\":2,\"name\":\"Sanit\u00e4re Anlagen\"}]},{\"@type\":\"WebSite\",\"@id\":\"https:\\\/\\\/www.freisanitaer.ch\\\/site\\\/#website\",\"url\":\"https:\\\/\\\/www.freisanitaer.ch\\\/site\\\/\",\"name\":\"Frei Sanit\u00e4r Lyss AG\",\"description\":\"Ulrich Roniger\",\"publisher\":{\"@id\":\"https:\\\/\\\/www.freisanitaer.ch\\\/site\\\/#organization\"},\"potentialAction\":[{\"@type\":\"SearchAction\",\"target\":{\"@type\":\"EntryPoint\",\"urlTemplate\":\"https:\\\/\\\/www.freisanitaer.ch\\\/site\\\/?s={search_term_string}\"},\"query-input\":{\"@type\":\"PropertyValueSpecification\",\"valueRequired\":true,\"valueName\":\"search_term_string\"}}],\"inLanguage\":\"de\"},{\"@type\":\"Organization\",\"@id\":\"https:\\\/\\\/www.freisanitaer.ch\\\/site\\\/#organization\",\"name\":\"Frei Sanit\u00e4r Lyss AG\",\"url\":\"https:\\\/\\\/www.freisanitaer.ch\\\/site\\\/\",\"logo\":{\"@type\":\"ImageObject\",\"inLanguage\":\"de\",\"@id\":\"https:\\\/\\\/www.freisanitaer.ch\\\/site\\\/#\\\/schema\\\/logo\\\/image\\\/\",\"url\":\"http:\\\/\\\/www.freisanitaer.ch\\\/site\\\/wp-content\\\/uploads\\\/2016\\\/12\\\/logo-startseite.gif\",\"contentUrl\":\"http:\\\/\\\/www.freisanitaer.ch\\\/site\\\/wp-content\\\/uploads\\\/2016\\\/12\\\/logo-startseite.gif\",\"width\":800,\"height\":369,\"caption\":\"Frei Sanit\u00e4r Lyss AG\"},\"image\":{\"@id\":\"https:\\\/\\\/www.freisanitaer.ch\\\/site\\\/#\\\/schema\\\/logo\\\/image\\\/\"},\"sameAs\":[\"https:\\\/\\\/www.facebook.com\\\/Frei-Sanit\u00e4r-Lyss-AG-348306967253\"]}]}<\/script>\n<!-- \/ Yoast SEO plugin. -->","yoast_head_json":{"title":"Sanit\u00e4re Anlagen - Frei Sanit\u00e4r Lyss AG","robots":{"index":"index","follow":"follow","max-snippet":"max-snippet:-1","max-image-preview":"max-image-preview:large","max-video-preview":"max-video-preview:-1"},"canonical":"http:\/\/www.freisanitaer.ch\/site\/sanitaere-anlagen\/","twitter_misc":{"Gesch\u00e4tzte Lesezeit":"1\u00a0Minute"},"schema":{"@context":"https:\/\/schema.org","@graph":[{"@type":"WebPage","@id":"http:\/\/www.freisanitaer.ch\/site\/sanitaere-anlagen\/","url":"http:\/\/www.freisanitaer.ch\/site\/sanitaere-anlagen\/","name":"Sanit\u00e4re Anlagen - Frei Sanit\u00e4r Lyss AG","isPartOf":{"@id":"https:\/\/www.freisanitaer.ch\/site\/#website"},"primaryImageOfPage":{"@id":"http:\/\/www.freisanitaer.ch\/site\/sanitaere-anlagen\/#primaryimage"},"image":{"@id":"http:\/\/www.freisanitaer.ch\/site\/sanitaere-anlagen\/#primaryimage"},"thumbnailUrl":"http:\/\/www.freisanitaer.ch\/site\/wp-content\/uploads\/2013\/03\/Sanitaere_Anlagen1.jpg","datePublished":"2012-07-19T11:59:32+00:00","dateModified":"2021-08-03T14:14:07+00:00","breadcrumb":{"@id":"http:\/\/www.freisanitaer.ch\/site\/sanitaere-anlagen\/#breadcrumb"},"inLanguage":"de","potentialAction":[{"@type":"ReadAction","target":["http:\/\/www.freisanitaer.ch\/site\/sanitaere-anlagen\/"]}]},{"@type":"ImageObject","inLanguage":"de","@id":"http:\/\/www.freisanitaer.ch\/site\/sanitaere-anlagen\/#primaryimage","url":"https:\/\/www.freisanitaer.ch\/site\/wp-content\/uploads\/2013\/03\/Sanitaere_Anlagen1.jpg","contentUrl":"https:\/\/www.freisanitaer.ch\/site\/wp-content\/uploads\/2013\/03\/Sanitaere_Anlagen1.jpg","width":400,"height":300},{"@type":"BreadcrumbList","@id":"http:\/\/www.freisanitaer.ch\/site\/sanitaere-anlagen\/#breadcrumb","itemListElement":[{"@type":"ListItem","position":1,"name":"Startseite","item":"https:\/\/www.freisanitaer.ch\/site\/"},{"@type":"ListItem","position":2,"name":"Sanit\u00e4re Anlagen"}]},{"@type":"WebSite","@id":"https:\/\/www.freisanitaer.ch\/site\/#website","url":"https:\/\/www.freisanitaer.ch\/site\/","name":"Frei Sanit\u00e4r Lyss AG","description":"Ulrich Roniger","publisher":{"@id":"https:\/\/www.freisanitaer.ch\/site\/#organization"},"potentialAction":[{"@type":"SearchAction","target":{"@type":"EntryPoint","urlTemplate":"https:\/\/www.freisanitaer.ch\/site\/?s={search_term_string}"},"query-input":{"@type":"PropertyValueSpecification","valueRequired":true,"valueName":"search_term_string"}}],"inLanguage":"de"},{"@type":"Organization","@id":"https:\/\/www.freisanitaer.ch\/site\/#organization","name":"Frei Sanit\u00e4r Lyss AG","url":"https:\/\/www.freisanitaer.ch\/site\/","logo":{"@type":"ImageObject","inLanguage":"de","@id":"https:\/\/www.freisanitaer.ch\/site\/#\/schema\/logo\/image\/","url":"http:\/\/www.freisanitaer.ch\/site\/wp-content\/uploads\/2016\/12\/logo-startseite.gif","contentUrl":"http:\/\/www.freisanitaer.ch\/site\/wp-content\/uploads\/2016\/12\/logo-startseite.gif","width":800,"height":369,"caption":"Frei Sanit\u00e4r Lyss AG"},"image":{"@id":"https:\/\/www.freisanitaer.ch\/site\/#\/schema\/logo\/image\/"},"sameAs":["https:\/\/www.facebook.com\/Frei-Sanit\u00e4r-Lyss-AG-348306967253"]}]}},"_links":{"self":[{"href":"https:\/\/www.freisanitaer.ch\/site\/wp-json\/wp\/v2\/pages\/32","targetHints":{"allow":["GET"]}}],"collection":[{"href":"https:\/\/www.freisanitaer.ch\/site\/wp-json\/wp\/v2\/pages"}],"about":[{"href":"https:\/\/www.freisanitaer.ch\/site\/wp-json\/wp\/v2\/types\/page"}],"author":[{"embeddable":true,"href":"https:\/\/www.freisanitaer.ch\/site\/wp-json\/wp\/v2\/users\/1"}],"replies":[{"embeddable":true,"href":"https:\/\/www.freisanitaer.ch\/site\/wp-json\/wp\/v2\/comments?post=32"}],"version-history":[{"count":17,"href":"https:\/\/www.freisanitaer.ch\/site\/wp-json\/wp\/v2\/pages\/32\/revisions"}],"predecessor-version":[{"id":859,"href":"https:\/\/www.freisanitaer.ch\/site\/wp-json\/wp\/v2\/pages\/32\/revisions\/859"}],"wp:attachment":[{"href":"https:\/\/www.freisanitaer.ch\/site\/wp-json\/wp\/v2\/media?parent=32"}],"curies":[{"name":"wp","href":"https:\/\/api.w.org\/{rel}","templated":true}]}}