{"id":8,"date":"2012-02-27T21:30:52","date_gmt":"2012-02-27T21:30:52","guid":{"rendered":"http:\/\/freisanitaer.ch\/site\/?page_id=8"},"modified":"2023-01-06T18:34:43","modified_gmt":"2023-01-06T17:34:43","slug":"frei-sanitar","status":"publish","type":"page","link":"https:\/\/www.freisanitaer.ch\/site\/","title":{"rendered":"Frei Sanit\u00e4r"},"content":{"rendered":"<p>Die Frei Sanit\u00e4r Lyss AG ist ein junges,&nbsp;zukunftsorientiertes&nbsp;Sanit\u00e4runternehmen.<br>Die Mitarbeiter sind motiviert, qualifiziert, arbeiten speditiv und sorgen somit f\u00fcr Qualit\u00e4t und marktgerechte Preise. Lernen Sie uns als kompetenten Partner kennen &#8211; sei es im h\u00e4uslichen, gewerblichen, industriellen oder \u00f6ffentlichen Bereich.<\/p>\n<p><img loading=\"lazy\" decoding=\"async\" class=\"alignleft size-full wp-image-765\" src=\"http:\/\/www.freisanitaer.ch\/site\/wp-content\/uploads\/2018\/10\/Auto.jpg\" alt=\"\" width=\"600\" height=\"400\" srcset=\"https:\/\/www.freisanitaer.ch\/site\/wp-content\/uploads\/2018\/10\/Auto.jpg 600w, https:\/\/www.freisanitaer.ch\/site\/wp-content\/uploads\/2018\/10\/Auto-300x200.jpg 300w\" sizes=\"auto, (max-width: 600px) 100vw, 600px\" \/><\/p>\n\n\n<figure class=\"wp-block-image size-full is-resized is-style-default\"><a href=\"https:\/\/suissetec.ch\/de\/home.html\"><img loading=\"lazy\" decoding=\"async\" src=\"http:\/\/www.freisanitaer.ch\/site\/wp-content\/uploads\/2022\/12\/logo_suissetec.svg\" alt=\"\" class=\"wp-image-908\" width=\"262\" height=\"39\"\/><\/a><\/figure>\n\n\n\n<figure class=\"wp-block-gallery has-nested-images columns-default is-cropped wp-block-gallery-1 is-layout-flex wp-block-gallery-is-layout-flex\"><\/figure>\n\n\n\n<figure class=\"wp-block-image size-full is-resized\"><a href=\"https:\/\/suissetec.ch\/de\/home.html\"><img loading=\"lazy\" decoding=\"async\" src=\"http:\/\/www.freisanitaer.ch\/site\/wp-content\/uploads\/2022\/12\/wdg_logo_de.svg\" alt=\"\" class=\"wp-image-909\" width=\"210\" height=\"93\"\/><\/a><\/figure>\n","protected":false},"excerpt":{"rendered":"<p>Die Frei Sanit\u00e4r Lyss AG ist ein junges,&nbsp;zukunftsorientiertes&nbsp;Sanit\u00e4runternehmen.Die Mitarbeiter sind motiviert, qualifiziert, arbeiten speditiv und sorgen somit f\u00fcr Qualit\u00e4t und marktgerechte Preise. Lernen Sie uns als kompetenten Partner kennen &#8211; sei es im h\u00e4uslichen, gewerblichen, industriellen oder \u00f6ffentlichen Bereich.<\/p>\n","protected":false},"author":1,"featured_media":0,"parent":0,"menu_order":1,"comment_status":"closed","ping_status":"closed","template":"","meta":{"generate_page_header":"","footnotes":""},"class_list":["post-8","page","type-page","status-publish"],"yoast_head":"<!-- This site is optimized with the Yoast SEO plugin v27.4 - https:\/\/yoast.com\/product\/yoast-seo-wordpress\/ -->\n<title>Frei Sanit\u00e4r - Frei Sanit\u00e4r Lyss AG<\/title>\n<meta name=\"robots\" content=\"index, follow, max-snippet:-1, max-image-preview:large, max-video-preview:-1\" \/>\n<link rel=\"canonical\" href=\"http:\/\/www.freisanitaer.ch\/site\/\" \/>\n<meta name=\"twitter:label1\" content=\"Gesch\u00e4tzte Lesezeit\" \/>\n\t<meta name=\"twitter:data1\" content=\"1\u00a0Minute\" \/>\n<script type=\"application\/ld+json\" class=\"yoast-schema-graph\">{\"@context\":\"https:\\\/\\\/schema.org\",\"@graph\":[{\"@type\":\"WebPage\",\"@id\":\"http:\\\/\\\/www.freisanitaer.ch\\\/site\\\/\",\"url\":\"http:\\\/\\\/www.freisanitaer.ch\\\/site\\\/\",\"name\":\"Frei Sanit\u00e4r - Frei Sanit\u00e4r Lyss AG\",\"isPartOf\":{\"@id\":\"http:\\\/\\\/www.freisanitaer.ch\\\/site\\\/#website\"},\"primaryImageOfPage\":{\"@id\":\"http:\\\/\\\/www.freisanitaer.ch\\\/site\\\/#primaryimage\"},\"image\":{\"@id\":\"http:\\\/\\\/www.freisanitaer.ch\\\/site\\\/#primaryimage\"},\"thumbnailUrl\":\"http:\\\/\\\/www.freisanitaer.ch\\\/site\\\/wp-content\\\/uploads\\\/2018\\\/10\\\/Auto.jpg\",\"datePublished\":\"2012-02-27T21:30:52+00:00\",\"dateModified\":\"2023-01-06T17:34:43+00:00\",\"breadcrumb\":{\"@id\":\"http:\\\/\\\/www.freisanitaer.ch\\\/site\\\/#breadcrumb\"},\"inLanguage\":\"de\",\"potentialAction\":[{\"@type\":\"ReadAction\",\"target\":[\"http:\\\/\\\/www.freisanitaer.ch\\\/site\\\/\"]}]},{\"@type\":\"ImageObject\",\"inLanguage\":\"de\",\"@id\":\"http:\\\/\\\/www.freisanitaer.ch\\\/site\\\/#primaryimage\",\"url\":\"https:\\\/\\\/www.freisanitaer.ch\\\/site\\\/wp-content\\\/uploads\\\/2018\\\/10\\\/Auto.jpg\",\"contentUrl\":\"https:\\\/\\\/www.freisanitaer.ch\\\/site\\\/wp-content\\\/uploads\\\/2018\\\/10\\\/Auto.jpg\",\"width\":600,\"height\":400},{\"@type\":\"BreadcrumbList\",\"@id\":\"http:\\\/\\\/www.freisanitaer.ch\\\/site\\\/#breadcrumb\",\"itemListElement\":[{\"@type\":\"ListItem\",\"position\":1,\"name\":\"Startseite\",\"item\":\"http:\\\/\\\/www.freisanitaer.ch\\\/site\\\/\"},{\"@type\":\"ListItem\",\"position\":2,\"name\":\"Frei Sanit\u00e4r\"}]},{\"@type\":\"WebSite\",\"@id\":\"http:\\\/\\\/www.freisanitaer.ch\\\/site\\\/#website\",\"url\":\"http:\\\/\\\/www.freisanitaer.ch\\\/site\\\/\",\"name\":\"Frei Sanit\u00e4r Lyss AG\",\"description\":\"Ulrich Roniger\",\"publisher\":{\"@id\":\"http:\\\/\\\/www.freisanitaer.ch\\\/site\\\/#organization\"},\"potentialAction\":[{\"@type\":\"SearchAction\",\"target\":{\"@type\":\"EntryPoint\",\"urlTemplate\":\"http:\\\/\\\/www.freisanitaer.ch\\\/site\\\/?s={search_term_string}\"},\"query-input\":{\"@type\":\"PropertyValueSpecification\",\"valueRequired\":true,\"valueName\":\"search_term_string\"}}],\"inLanguage\":\"de\"},{\"@type\":\"Organization\",\"@id\":\"http:\\\/\\\/www.freisanitaer.ch\\\/site\\\/#organization\",\"name\":\"Frei Sanit\u00e4r Lyss AG\",\"url\":\"http:\\\/\\\/www.freisanitaer.ch\\\/site\\\/\",\"logo\":{\"@type\":\"ImageObject\",\"inLanguage\":\"de\",\"@id\":\"http:\\\/\\\/www.freisanitaer.ch\\\/site\\\/#\\\/schema\\\/logo\\\/image\\\/\",\"url\":\"http:\\\/\\\/www.freisanitaer.ch\\\/site\\\/wp-content\\\/uploads\\\/2016\\\/12\\\/logo-startseite.gif\",\"contentUrl\":\"http:\\\/\\\/www.freisanitaer.ch\\\/site\\\/wp-content\\\/uploads\\\/2016\\\/12\\\/logo-startseite.gif\",\"width\":800,\"height\":369,\"caption\":\"Frei Sanit\u00e4r Lyss AG\"},\"image\":{\"@id\":\"http:\\\/\\\/www.freisanitaer.ch\\\/site\\\/#\\\/schema\\\/logo\\\/image\\\/\"},\"sameAs\":[\"https:\\\/\\\/www.facebook.com\\\/Frei-Sanit\u00e4r-Lyss-AG-348306967253\"]}]}<\/script>\n<!-- \/ Yoast SEO plugin. -->","yoast_head_json":{"title":"Frei Sanit\u00e4r - Frei Sanit\u00e4r Lyss AG","robots":{"index":"index","follow":"follow","max-snippet":"max-snippet:-1","max-image-preview":"max-image-preview:large","max-video-preview":"max-video-preview:-1"},"canonical":"http:\/\/www.freisanitaer.ch\/site\/","twitter_misc":{"Gesch\u00e4tzte Lesezeit":"1\u00a0Minute"},"schema":{"@context":"https:\/\/schema.org","@graph":[{"@type":"WebPage","@id":"http:\/\/www.freisanitaer.ch\/site\/","url":"http:\/\/www.freisanitaer.ch\/site\/","name":"Frei Sanit\u00e4r - Frei Sanit\u00e4r Lyss AG","isPartOf":{"@id":"http:\/\/www.freisanitaer.ch\/site\/#website"},"primaryImageOfPage":{"@id":"http:\/\/www.freisanitaer.ch\/site\/#primaryimage"},"image":{"@id":"http:\/\/www.freisanitaer.ch\/site\/#primaryimage"},"thumbnailUrl":"http:\/\/www.freisanitaer.ch\/site\/wp-content\/uploads\/2018\/10\/Auto.jpg","datePublished":"2012-02-27T21:30:52+00:00","dateModified":"2023-01-06T17:34:43+00:00","breadcrumb":{"@id":"http:\/\/www.freisanitaer.ch\/site\/#breadcrumb"},"inLanguage":"de","potentialAction":[{"@type":"ReadAction","target":["http:\/\/www.freisanitaer.ch\/site\/"]}]},{"@type":"ImageObject","inLanguage":"de","@id":"http:\/\/www.freisanitaer.ch\/site\/#primaryimage","url":"https:\/\/www.freisanitaer.ch\/site\/wp-content\/uploads\/2018\/10\/Auto.jpg","contentUrl":"https:\/\/www.freisanitaer.ch\/site\/wp-content\/uploads\/2018\/10\/Auto.jpg","width":600,"height":400},{"@type":"BreadcrumbList","@id":"http:\/\/www.freisanitaer.ch\/site\/#breadcrumb","itemListElement":[{"@type":"ListItem","position":1,"name":"Startseite","item":"http:\/\/www.freisanitaer.ch\/site\/"},{"@type":"ListItem","position":2,"name":"Frei Sanit\u00e4r"}]},{"@type":"WebSite","@id":"http:\/\/www.freisanitaer.ch\/site\/#website","url":"http:\/\/www.freisanitaer.ch\/site\/","name":"Frei Sanit\u00e4r Lyss AG","description":"Ulrich Roniger","publisher":{"@id":"http:\/\/www.freisanitaer.ch\/site\/#organization"},"potentialAction":[{"@type":"SearchAction","target":{"@type":"EntryPoint","urlTemplate":"http:\/\/www.freisanitaer.ch\/site\/?s={search_term_string}"},"query-input":{"@type":"PropertyValueSpecification","valueRequired":true,"valueName":"search_term_string"}}],"inLanguage":"de"},{"@type":"Organization","@id":"http:\/\/www.freisanitaer.ch\/site\/#organization","name":"Frei Sanit\u00e4r Lyss AG","url":"http:\/\/www.freisanitaer.ch\/site\/","logo":{"@type":"ImageObject","inLanguage":"de","@id":"http:\/\/www.freisanitaer.ch\/site\/#\/schema\/logo\/image\/","url":"http:\/\/www.freisanitaer.ch\/site\/wp-content\/uploads\/2016\/12\/logo-startseite.gif","contentUrl":"http:\/\/www.freisanitaer.ch\/site\/wp-content\/uploads\/2016\/12\/logo-startseite.gif","width":800,"height":369,"caption":"Frei Sanit\u00e4r Lyss AG"},"image":{"@id":"http:\/\/www.freisanitaer.ch\/site\/#\/schema\/logo\/image\/"},"sameAs":["https:\/\/www.facebook.com\/Frei-Sanit\u00e4r-Lyss-AG-348306967253"]}]}},"_links":{"self":[{"href":"https:\/\/www.freisanitaer.ch\/site\/wp-json\/wp\/v2\/pages\/8","targetHints":{"allow":["GET"]}}],"collection":[{"href":"https:\/\/www.freisanitaer.ch\/site\/wp-json\/wp\/v2\/pages"}],"about":[{"href":"https:\/\/www.freisanitaer.ch\/site\/wp-json\/wp\/v2\/types\/page"}],"author":[{"embeddable":true,"href":"https:\/\/www.freisanitaer.ch\/site\/wp-json\/wp\/v2\/users\/1"}],"replies":[{"embeddable":true,"href":"https:\/\/www.freisanitaer.ch\/site\/wp-json\/wp\/v2\/comments?post=8"}],"version-history":[{"count":20,"href":"https:\/\/www.freisanitaer.ch\/site\/wp-json\/wp\/v2\/pages\/8\/revisions"}],"predecessor-version":[{"id":916,"href":"https:\/\/www.freisanitaer.ch\/site\/wp-json\/wp\/v2\/pages\/8\/revisions\/916"}],"wp:attachment":[{"href":"https:\/\/www.freisanitaer.ch\/site\/wp-json\/wp\/v2\/media?parent=8"}],"curies":[{"name":"wp","href":"https:\/\/api.w.org\/{rel}","templated":true}]}}